{"id":4305,"date":"2019-07-05T23:21:57","date_gmt":"2019-07-05T22:21:57","guid":{"rendered":"https:\/\/techfugees.com\/?page_id=4305"},"modified":"2023-04-13T17:11:33","modified_gmt":"2023-04-13T16:11:33","slug":"our-team","status":"publish","type":"page","link":"https:\/\/dev.techfugees.com\/fr\/our-team\/","title":{"rendered":"Our team"},"content":{"rendered":"<p><\/p>\n<h2>L&rsquo;\u00e9quipe<\/h2>\n<h3>Mike Butcher<\/h3>\n<h3>Co-Fondateur &amp; Pr\u00e9sident de la Techfugees Foundation<br \/>\n &#8211; United Kingdom &#x1f1ec;&#x1f1e7;<\/h3>\n<p>Mike Butcher est r\u00e9dacteur en chef de TechCrunch. Mike a \u00e9t\u00e9 nomm\u00e9 l&rsquo;un des journalistes les plus influents de la technologie europ\u00e9enne par Wired UK, The Daily Telegraph et Evening Standard. Il a \u00e9galement fond\u00e9 les Europas Awards annuels, le r\u00e9seau de collaboration TechHub et a conseill\u00e9 le gouvernement britannique sur la politique concernant les startups technologiques. Il a re\u00e7u un MBE dans la liste des honneurs de l&rsquo;anniversaire de la reine de 2016 pour ses services \u00e0 l&rsquo;industrie technologique et au journalisme du Royaume-Uni.<\/p>\n<\/p>\n<p>\t\t\t\t\t\t\t\t\t\t<img loading=\"lazy\" decoding=\"async\" width=\"300\" height=\"300\" src=\"https:\/\/dev.techfugees.com\/wp-content\/uploads\/2020\/02\/Mike_Butcher_Techfugees-300x300.png\" alt=\"\" srcset=\"https:\/\/dev.techfugees.com\/wp-content\/uploads\/2020\/02\/Mike_Butcher_Techfugees-300x300.png 300w, https:\/\/dev.techfugees.com\/wp-content\/uploads\/2020\/02\/Mike_Butcher_Techfugees-1024x1024.png 1024w, https:\/\/dev.techfugees.com\/wp-content\/uploads\/2020\/02\/Mike_Butcher_Techfugees-150x150.png 150w, https:\/\/dev.techfugees.com\/wp-content\/uploads\/2020\/02\/Mike_Butcher_Techfugees-768x768.png 768w, https:\/\/dev.techfugees.com\/wp-content\/uploads\/2020\/02\/Mike_Butcher_Techfugees.png 1307w\" sizes=\"(max-width: 300px) 100vw, 300px\" \/>\t\t\t\t\t\t\t\t\t\t\t<\/p>\n<h3>Raj Burman<\/h3>\n<h3>Directeur Ex\u00e9cutif de la Techfugees Foundation &#8211; United Kingdom &#x1f1ec;&#x1f1e7;<\/h3>\n<p>Raj a rejoint Techfugees en tant que PDG en Novembre 2020. Fellow du c\u00e9l\u00e8bre\u00a0<i>Institute of Enterprise and Entrepreneurship<\/i>, Raj apporte avec lui une richesse d&rsquo;exp\u00e9rience dans des domaines commerciaux vari\u00e9s et un leadership exp\u00e9riment\u00e9. Sa carri\u00e8re est longue de trois d\u00e9cennies de d\u00e9veloppement de projets \u00e0 forte croissance \u00e0 l&rsquo;international, avec une sp\u00e9cialisation dans l&rsquo;innovation\u00a0 digitale l&rsquo;entrepreneuriat et la philanthropie. Dans son pr\u00e9c\u00e8dent r\u00f4le \u00e0 Sustain Ventures, Raj use de sa connaissance de la philanthropie et de son travail avec des projets \u00e0 impact internationaux pour soutenir les objectifs\u00a0de d\u00e9veloppement durable de l&rsquo;ONU.\u00a0Avant cela, Raj a travaill\u00e9 \u00e0 GS1 et mont\u00e9 plusieurs startups r\u00e9ussies ainsi que men\u00e9 un programme\u00a0d&rsquo;acc\u00e9l\u00e9ration pour <i>scale-ups<\/i>\u00a0au Royaume Uni au nom d&rsquo;un groupe ind\u00e9pendant\u00a0 li\u00e9 \u00e0 la commission Europ\u00e9enne.<\/p>\n<p>\u00a0<\/p>\n<figure>\n\t\t\t\t\t\t\t\t\t\t<img loading=\"lazy\" decoding=\"async\" width=\"275\" height=\"300\" src=\"https:\/\/dev.techfugees.com\/wp-content\/uploads\/2020\/11\/Capture-d\u2019e\u0301cran-2020-11-04-a\u0300-14.49.18-275x300.png\" alt=\"\" srcset=\"https:\/\/dev.techfugees.com\/wp-content\/uploads\/2020\/11\/Capture-d\u2019e\u0301cran-2020-11-04-a\u0300-14.49.18-275x300.png 275w, https:\/\/dev.techfugees.com\/wp-content\/uploads\/2020\/11\/Capture-d\u2019e\u0301cran-2020-11-04-a\u0300-14.49.18-938x1024.png 938w, https:\/\/dev.techfugees.com\/wp-content\/uploads\/2020\/11\/Capture-d\u2019e\u0301cran-2020-11-04-a\u0300-14.49.18-768x839.png 768w, https:\/\/dev.techfugees.com\/wp-content\/uploads\/2020\/11\/Capture-d\u2019e\u0301cran-2020-11-04-a\u0300-14.49.18.png 1002w\" sizes=\"(max-width: 275px) 100vw, 275px\" \/><figcaption><\/figcaption><\/figure>\n<h3>Hiba Abou Haykal<\/h3>\n<h3> Responsable de programme Digital Corridor  &#8211; Lebanon &#x1f1f1;&#x1f1e7;<br \/><\/h3>\n<p style=\"text-align: start;\">\n<p>Hiba Abou Haykal, candidate au doctorat \u00e0 l&rsquo;Universit\u00e9 de Saint Joseph-Beyrouth avec sp\u00e9cialisation en sociologie- RH et leadership et coach de vie certifi\u00e9e. J&rsquo;ai travaill\u00e9 comme administratrice \u00e0 l&rsquo;Universit\u00e9 libanaise. Au cours des 11 derni\u00e8res ann\u00e9es. J&rsquo;ai eu la chance de travailler dans diff\u00e9rentes ONG : Association Amel, Basmeh &amp; Zeitooneh et Arcenciel o\u00f9 une solide exp\u00e9rience s&rsquo;est construite en examinant de pr\u00e8s les pr\u00e9occupations des r\u00e9fugi\u00e9s syriens.<\/p>\n<p>Au cours de 2012-2014, j&rsquo;ai eu la chance de diriger des programmes \u00e9ducatifs \u00e0 l&rsquo;Association d&rsquo;Amel dans la Bekaa occidentale et j&rsquo;ai connu les difficult\u00e9s rencontr\u00e9es par les enfants et les jeunes syriens pour coop\u00e9rer avec le syst\u00e8me \u00e9ducatif au Liban et le r\u00f4le principal \u00e9tait de minimiser l&rsquo;\u00e9cart. En 2016, il a rejoint Basmeh &amp; Zeitooneh en tant que coordinateur du soutien psychosocial supervisant la mise en \u0153uvre du programme de consolidation de la paix dans le centre de la Bekaa gr\u00e2ce aux techniques de th\u00e9\u00e2tre de lecture pour soutenir les enfants et les jeunes syriens \u00e0 travers leurs traumatismes r\u00e9sultant de la guerre et leur int\u00e9gration dans une nouvelle soci\u00e9t\u00e9. De 2017 \u00e0 2019, j&rsquo;ai eu la chance de travailler en tant que responsable des ressources humaines et sp\u00e9cialiste des relations avec les employ\u00e9s chez Arcenciel, responsable de tout le personnel des ressources humaines avec un champ d&rsquo;inclusion, y compris les employ\u00e9s r\u00e9fugi\u00e9s syriens. De plus, mon sujet de recherche de doctorat \u00ab\u00a0Ph\u00e9nom\u00e8ne de rotation des employ\u00e9s, cas des organisations non gouvernementales au Liban\u00a0\u00bb me donne l&rsquo;opportunit\u00e9 de professionnaliser mes comp\u00e9tences de recherche et d&rsquo;avoir une exposition directe avec les ONG r\u00e9pondant aux besoins des r\u00e9fugi\u00e9s.<\/p>\n<p>\u00a0<\/p>\n<\/p>\n<p>\t\t\t\t\t\t\t\t\t\t<img loading=\"lazy\" decoding=\"async\" width=\"300\" height=\"300\" src=\"https:\/\/dev.techfugees.com\/wp-content\/uploads\/2021\/11\/WhatsApp-Image-2021-11-22-at-09.26.36-300x300.jpeg\" alt=\"\" srcset=\"https:\/\/dev.techfugees.com\/wp-content\/uploads\/2021\/11\/WhatsApp-Image-2021-11-22-at-09.26.36-300x300.jpeg 300w, https:\/\/dev.techfugees.com\/wp-content\/uploads\/2021\/11\/WhatsApp-Image-2021-11-22-at-09.26.36-150x150.jpeg 150w, https:\/\/dev.techfugees.com\/wp-content\/uploads\/2021\/11\/WhatsApp-Image-2021-11-22-at-09.26.36.jpeg 636w\" sizes=\"(max-width: 300px) 100vw, 300px\" \/>\t\t\t\t\t\t\t\t\t\t\t<\/p>\n<h3>Richard Hodkinson<\/h3>\n<h3> Coordinatrice du r\u00e9seau de r\u00e9ponse d&rsquo;urgence (Ukraine) &#8211; Germany &#x1f1e9;&#x1f1ea;<br \/><\/h3>\n<p>Richard is a social entrepreneur, political and social scientist, information geek, and changemaker. He has a background in emergency response, technology management, journalism, information media analysis and academics.<\/p>\n<p>He worked in the UN Ebola crisis response, travelling to West Africa to coordinate communications technology to support the international Ebola epidemic response, working for NetHope, and worked on improving collaboration among the partner NGOs, the UN and the governments. He hopes to bring his experience to bear in facilitating collaborations among Techfugees&rsquo; community and partners in our efforts to help the Ukrainian people.<\/p>\n<p>He is dedicated to improving the lives of all people, working on equality and transparency both in times of crisis and in the way our institutions organise. As a technology entrepreneur he has founded companies to develop products to counter authoritarian state control and surveillance; to counter corruption and kleptocracy; and to bring more effective strategies to counter conspiracy theories and media misinformation.<\/p>\n<p>\t\t\t\t\t\t\t\t\t\t<img loading=\"lazy\" decoding=\"async\" width=\"225\" height=\"298\" src=\"https:\/\/dev.techfugees.com\/wp-content\/uploads\/2022\/03\/WhatsApp-Image-2022-03-24-at-15.06.29.jpeg\" alt=\"\" \/>\t\t\t\t\t\t\t\t\t\t\t<\/p>\n<h2>TECHFUGEES ADVISORY COUNCIL <br \/>(Coming soon)<\/h2>\n<h3>Haidar Baqir<\/h3>\n<h3>Conseiller Sp\u00e9cial  &#8211; Switzerland &#x1f1e8;&#x1f1ed;<\/h3>\n<\/p>\n<p>Haidar Baqir est titulaire d&rsquo;une ma\u00eetrise en ing\u00e9nierie et travaille dans le domaine des t\u00e9l\u00e9communications d&rsquo;urgence depuis 18 ans.\u00a0M. Baqir a travaill\u00e9 pour le Programme alimentaire mondial (WFP). Il a particip\u00e9 \u00e0 de multiples op\u00e9rations d&rsquo;urgence sur le terrain, notamment au Soudan en 2004, au Liban en 2006, en Somalie en 2007, au Soudan du Sud en 2011, \u00e0 la r\u00e9ponse \u00e0 l&rsquo;\u00e9pid\u00e9mie d&rsquo;Ebola en Afrique de l&rsquo;Ouest en 2014, au N\u00e9pal apr\u00e8s le tremblement de terre et au Y\u00e9men en 2015. Il a \u00e9galement fait partie du Global Emergency Telecommunications Cluster (ETC) bas\u00e9 \u00e0 Rome et a occup\u00e9 le poste de responsable r\u00e9gional de la pr\u00e9paration et de l&rsquo;intervention en cas d&rsquo;urgence informatique pour le Programme alimentaire mondial bas\u00e9 \u00e0 Bangkok, couvrant la r\u00e9gion Asie-Pacifique. Dans le cadre de son r\u00f4le au sein de l&rsquo;ETC mondial bas\u00e9 \u00e0 Rome de 2015 \u00e0 2017, M.Baqir a dirig\u00e9 le projet de mod\u00e8le de coordination des syst\u00e8mes d&rsquo;a\u00e9ronefs sans pilote (UAS) pour le WFP et la communaut\u00e9 d&rsquo;intervention humanitaire.\u00a0 Son dernier poste au sein des Nations Unies \u00e9tait au Bureau de d\u00e9veloppement des t\u00e9l\u00e9communications de l&rsquo;Union internationale des t\u00e9l\u00e9communications (ITU), bas\u00e9 \u00e0 Gen\u00e8ve, en tant que coordinateur des t\u00e9l\u00e9communications d&rsquo;urgence et du changement climatique.<\/p>\n<p>\u00a0<\/p>\n<\/p>\n<p>\t\t\t\t\t\t\t\t\t\t\t<a href=\"https:\/\/docs.google.com\/document\/d\/14awClWSHB1crpR9O1AtH-NCta71h-l2hqI9vwn9lZgM\/edit?usp=sharing\"><br \/>\n\t\t\t\t\t\t\t<img loading=\"lazy\" decoding=\"async\" width=\"240\" height=\"240\" src=\"https:\/\/dev.techfugees.com\/wp-content\/uploads\/2021\/04\/Haidar-Baqir.jpeg\" alt=\"\" srcset=\"https:\/\/dev.techfugees.com\/wp-content\/uploads\/2021\/04\/Haidar-Baqir.jpeg 240w, https:\/\/dev.techfugees.com\/wp-content\/uploads\/2021\/04\/Haidar-Baqir-150x150.jpeg 150w\" sizes=\"(max-width: 240px) 100vw, 240px\" \/>\t\t\t\t\t\t\t\t<\/a><\/p>\n<h3>Want to work for Techfugees? <\/h3>\n<p>\t\tVisitez la <a href=\"https:\/\/dev.techfugees.com\/jobs\/\">page d\u00e9di\u00e9e aux offres d&#8217;emplois<\/a> et suivez nous sur les r\u00e9seaux (<a href=\"https:\/\/twitter.com\/Techfugees\/\">twitter<\/a> et <a href=\"https:\/\/www.linkedin.com\/company\/techfugeesglobal\/\">Linkedin<\/a>) pour \u00eatre inform\u00e9 des prochaines opportunit\u00e9s d&#8217;emplois. \t\t<\/p>\n<h4>Subscribe to our newsletter<\/h4>\n<h5>Don&rsquo;t miss new updates on your email<\/h5>\n<p><\/p>","protected":false},"excerpt":{"rendered":"<p>L&rsquo;\u00e9quipe Mike Butcher Co-Fondateur &amp; Pr\u00e9sident de la Techfugees Foundation &#8211; United Kingdom &#x1f1ec;&#x1f1e7; Mike Butcher est r\u00e9dacteur en chef&#8230; <a href=\"https:\/\/dev.techfugees.com\/fr\/our-team\/\">Read More<\/a> [&#8230;]<\/p>\n<p><a class=\"btn btn-secondary understrap-read-more-link\" href=\"https:\/\/dev.techfugees.com\/fr\/our-team\/\">Lire la suite\u2026<span class=\"screen-reader-text\"> from Our team<\/span><\/a><\/p>\n","protected":false},"author":57,"featured_media":0,"parent":0,"menu_order":0,"comment_status":"closed","ping_status":"closed","template":"","meta":{"_acf_changed":false,"footnotes":""},"categories":[],"tags":[],"class_list":["post-4305","page","type-page","status-publish","hentry"],"acf":[],"_links":{"self":[{"href":"https:\/\/dev.techfugees.com\/fr\/wp-json\/wp\/v2\/pages\/4305","targetHints":{"allow":["GET"]}}],"collection":[{"href":"https:\/\/dev.techfugees.com\/fr\/wp-json\/wp\/v2\/pages"}],"about":[{"href":"https:\/\/dev.techfugees.com\/fr\/wp-json\/wp\/v2\/types\/page"}],"author":[{"embeddable":true,"href":"https:\/\/dev.techfugees.com\/fr\/wp-json\/wp\/v2\/users\/57"}],"replies":[{"embeddable":true,"href":"https:\/\/dev.techfugees.com\/fr\/wp-json\/wp\/v2\/comments?post=4305"}],"version-history":[{"count":10,"href":"https:\/\/dev.techfugees.com\/fr\/wp-json\/wp\/v2\/pages\/4305\/revisions"}],"predecessor-version":[{"id":13223,"href":"https:\/\/dev.techfugees.com\/fr\/wp-json\/wp\/v2\/pages\/4305\/revisions\/13223"}],"wp:attachment":[{"href":"https:\/\/dev.techfugees.com\/fr\/wp-json\/wp\/v2\/media?parent=4305"}],"wp:term":[{"taxonomy":"category","embeddable":true,"href":"https:\/\/dev.techfugees.com\/fr\/wp-json\/wp\/v2\/categories?post=4305"},{"taxonomy":"post_tag","embeddable":true,"href":"https:\/\/dev.techfugees.com\/fr\/wp-json\/wp\/v2\/tags?post=4305"}],"curies":[{"name":"wp","href":"https:\/\/api.w.org\/{rel}","templated":true}]}}