{"id":297,"date":"2016-03-22T13:09:59","date_gmt":"2016-03-22T13:09:59","guid":{"rendered":"http:\/\/techfugees.dev\/?page_id=297"},"modified":"2020-09-20T15:05:45","modified_gmt":"2020-09-20T14:05:45","slug":"belgrade","status":"publish","type":"page","link":"https:\/\/dev.techfugees.com\/ar\/chapters\/belgrade\/","title":{"rendered":"Techfugees Serbia &#x1f1f7;&#x1f1f8;"},"content":{"rendered":"\t\t<div data-elementor-type=\"wp-page\" data-elementor-id=\"297\" class=\"elementor elementor-297\" data-elementor-settings=\"{&quot;ha_cmc_init_switcher&quot;:&quot;no&quot;}\">\n\t\t\t\t\t\t<section class=\"elementor-section elementor-top-section elementor-element elementor-element-27cb7bb2 elementor-section-height-min-height elementor-section-stretched elementor-section-items-top elementor-section-full_width elementor-section-height-default\" data-id=\"27cb7bb2\" data-element_type=\"section\" data-settings=\"{&quot;background_background&quot;:&quot;classic&quot;,&quot;stretch_section&quot;:&quot;section-stretched&quot;,&quot;shape_divider_bottom&quot;:&quot;arrow&quot;,&quot;_ha_eqh_enable&quot;:false}\">\n\t\t\t\t\t\t\t<div class=\"elementor-background-overlay\"><\/div>\n\t\t\t\t\t\t<div class=\"elementor-shape elementor-shape-bottom\" aria-hidden=\"true\" data-negative=\"false\">\n\t\t\t<svg xmlns=\"http:\/\/www.w3.org\/2000\/svg\" viewBox=\"0 0 700 10\" preserveAspectRatio=\"none\">\n\t<path class=\"elementor-shape-fill\" d=\"M350,10L340,0h20L350,10z\"\/>\n<\/svg>\t\t<\/div>\n\t\t\t\t\t<div class=\"elementor-container elementor-column-gap-no\">\n\t\t\t\t\t<div class=\"elementor-column elementor-col-100 elementor-top-column elementor-element elementor-element-7db51c6a\" data-id=\"7db51c6a\" data-element_type=\"column\">\n\t\t\t<div class=\"elementor-widget-wrap elementor-element-populated\">\n\t\t\t\t\t\t<div class=\"elementor-element elementor-element-5663bc03 elementor-widget elementor-widget-heading\" data-id=\"5663bc03\" data-element_type=\"widget\" data-widget_type=\"heading.default\">\n\t\t\t\t<div class=\"elementor-widget-container\">\n\t\t\t\t\t<h2 class=\"elementor-heading-title elementor-size-default\">\ud83c\uddf7\ud83c\uddf8 Techfugees SERBIA \ud83c\uddf7\ud83c\uddf8<\/h2>\t\t\t\t<\/div>\n\t\t\t\t<\/div>\n\t\t\t\t\t<\/div>\n\t\t<\/div>\n\t\t\t\t\t<\/div>\n\t\t<\/section>\n\t\t\t\t<section class=\"elementor-section elementor-top-section elementor-element elementor-element-427c90fb elementor-section-content-middle elementor-section-boxed elementor-section-height-default elementor-section-height-default\" data-id=\"427c90fb\" data-element_type=\"section\" data-settings=\"{&quot;_ha_eqh_enable&quot;:false}\">\n\t\t\t\t\t\t<div class=\"elementor-container elementor-column-gap-no\">\n\t\t\t\t\t<div class=\"elementor-column elementor-col-100 elementor-top-column elementor-element elementor-element-4b4ea40\" data-id=\"4b4ea40\" data-element_type=\"column\">\n\t\t\t<div class=\"elementor-widget-wrap elementor-element-populated\">\n\t\t\t\t\t\t<div class=\"elementor-element elementor-element-201c4f8e elementor-widget elementor-widget-heading\" data-id=\"201c4f8e\" data-element_type=\"widget\" data-widget_type=\"heading.default\">\n\t\t\t\t<div class=\"elementor-widget-container\">\n\t\t\t\t\t<h4 class=\"elementor-heading-title elementor-size-default\">The Techfugees' chapter in Serbia started in 2016. It was one of the first Chapter following the call from London. It brings together a group of active and engaged members from the associative, tech and entrepreneurial communities all looking for solutions to improve the lives of refugees in Serbia. Lately the team has been focussing on how to fight stereotypes, fake news and hate speech.<\/h4>\t\t\t\t<\/div>\n\t\t\t\t<\/div>\n\t\t\t\t\t<\/div>\n\t\t<\/div>\n\t\t\t\t\t<\/div>\n\t\t<\/section>\n\t\t\t\t<section class=\"elementor-section elementor-top-section elementor-element elementor-element-48786d4e elementor-section-boxed elementor-section-height-default elementor-section-height-default\" data-id=\"48786d4e\" data-element_type=\"section\" data-settings=\"{&quot;_ha_eqh_enable&quot;:false}\">\n\t\t\t\t\t\t<div class=\"elementor-container elementor-column-gap-extended\">\n\t\t\t\t\t<div class=\"elementor-column elementor-col-50 elementor-top-column elementor-element elementor-element-7ab4f213\" data-id=\"7ab4f213\" data-element_type=\"column\">\n\t\t\t<div class=\"elementor-widget-wrap elementor-element-populated\">\n\t\t\t\t\t\t<div class=\"elementor-element elementor-element-495103cd elementor-widget elementor-widget-image\" data-id=\"495103cd\" data-element_type=\"widget\" data-widget_type=\"image.default\">\n\t\t\t\t<div class=\"elementor-widget-container\">\n\t\t\t\t\t\t\t\t\t\t\t\t\t\t\t<img fetchpriority=\"high\" decoding=\"async\" width=\"640\" height=\"427\" src=\"https:\/\/dev.techfugees.com\/wp-content\/uploads\/2020\/09\/Serbia-768x512.jpg\" class=\"attachment-medium_large size-medium_large wp-image-9406\" alt=\"\" srcset=\"https:\/\/dev.techfugees.com\/wp-content\/uploads\/2020\/09\/Serbia-768x512.jpg 768w, https:\/\/dev.techfugees.com\/wp-content\/uploads\/2020\/09\/Serbia-300x200.jpg 300w, https:\/\/dev.techfugees.com\/wp-content\/uploads\/2020\/09\/Serbia-1024x683.jpg 1024w, https:\/\/dev.techfugees.com\/wp-content\/uploads\/2020\/09\/Serbia-1536x1024.jpg 1536w, https:\/\/dev.techfugees.com\/wp-content\/uploads\/2020\/09\/Serbia.jpg 2048w\" sizes=\"(max-width: 640px) 100vw, 640px\" \/>\t\t\t\t\t\t\t\t\t\t\t\t\t\t\t<\/div>\n\t\t\t\t<\/div>\n\t\t\t\t<div class=\"elementor-element elementor-element-50bcde2d elementor-widget elementor-widget-heading\" data-id=\"50bcde2d\" data-element_type=\"widget\" data-widget_type=\"heading.default\">\n\t\t\t\t<div class=\"elementor-widget-container\">\n\t\t\t\t\t<h3 class=\"elementor-heading-title elementor-size-default\">Connect<br><\/h3>\t\t\t\t<\/div>\n\t\t\t\t<\/div>\n\t\t\t\t<div class=\"elementor-element elementor-element-14b3b502 elementor-widget elementor-widget-text-editor\" data-id=\"14b3b502\" data-element_type=\"widget\" data-widget_type=\"text-editor.default\">\n\t\t\t\t<div class=\"elementor-widget-container\">\n\t\t\t\t\t\t\t\t\t<p style=\"text-align: center;\">We <b>connect<\/b> a diverse pool of organisations and individuals united towards a similar goal: using technology to solve challenges faced by refugees. Through networking events, meetups and hackathons, we connect like minded individuals. <\/p>\n<p style=\"text-align: center;\">\u00a0<\/p>\n<h6><strong>Learn more<\/strong><\/h6>\n<p><img decoding=\"async\" class=\"emoji\" role=\"img\" draggable=\"false\" src=\"https:\/\/s.w.org\/images\/core\/emoji\/12.0.0-1\/svg\/23ee.svg\" alt=\"\u23ee\" \/>\u00a02017, May:\u00a0<a href=\"https:\/\/dev.techfugees.com\/events\/techfugees-returns-to-belgrade-serbia\/\">Belgrade Techfugees Hackathon #2<\/a><\/p>\n<p><img decoding=\"async\" class=\"emoji\" role=\"img\" draggable=\"false\" src=\"https:\/\/s.w.org\/images\/core\/emoji\/12.0.0-1\/svg\/23ee.svg\" alt=\"\u23ee\" \/>\u00a02016, April 8th&gt;10th:\u00a0<a href=\"https:\/\/dev.techfugees.com\/news\/belgrade-hackingadisaster\/\">How to Hack a Disaster<\/a><\/p>\t\t\t\t\t\t\t\t<\/div>\n\t\t\t\t<\/div>\n\t\t\t\t\t<\/div>\n\t\t<\/div>\n\t\t\t\t<div class=\"elementor-column elementor-col-50 elementor-top-column elementor-element elementor-element-8103ed2\" data-id=\"8103ed2\" data-element_type=\"column\">\n\t\t\t<div class=\"elementor-widget-wrap elementor-element-populated\">\n\t\t\t\t\t\t<div class=\"elementor-element elementor-element-4d716beb elementor-widget elementor-widget-image\" data-id=\"4d716beb\" data-element_type=\"widget\" data-widget_type=\"image.default\">\n\t\t\t\t<div class=\"elementor-widget-container\">\n\t\t\t\t\t\t\t\t\t\t\t\t\t\t\t<img decoding=\"async\" width=\"640\" height=\"342\" src=\"https:\/\/dev.techfugees.com\/wp-content\/uploads\/2020\/09\/filip-1-768x410.png\" class=\"attachment-medium_large size-medium_large wp-image-9404\" alt=\"\" srcset=\"https:\/\/dev.techfugees.com\/wp-content\/uploads\/2020\/09\/filip-1-768x410.png 768w, https:\/\/dev.techfugees.com\/wp-content\/uploads\/2020\/09\/filip-1-300x160.png 300w, https:\/\/dev.techfugees.com\/wp-content\/uploads\/2020\/09\/filip-1-1024x546.png 1024w, https:\/\/dev.techfugees.com\/wp-content\/uploads\/2020\/09\/filip-1-1536x819.png 1536w, https:\/\/dev.techfugees.com\/wp-content\/uploads\/2020\/09\/filip-1.png 1914w\" sizes=\"(max-width: 640px) 100vw, 640px\" \/>\t\t\t\t\t\t\t\t\t\t\t\t\t\t\t<\/div>\n\t\t\t\t<\/div>\n\t\t\t\t<div class=\"elementor-element elementor-element-64f09fa0 elementor-widget elementor-widget-heading\" data-id=\"64f09fa0\" data-element_type=\"widget\" data-widget_type=\"heading.default\">\n\t\t\t\t<div class=\"elementor-widget-container\">\n\t\t\t\t\t<h3 class=\"elementor-heading-title elementor-size-default\">SHARE\n<\/h3>\t\t\t\t<\/div>\n\t\t\t\t<\/div>\n\t\t\t\t<div class=\"elementor-element elementor-element-6da724d8 elementor-widget elementor-widget-text-editor\" data-id=\"6da724d8\" data-element_type=\"widget\" data-widget_type=\"text-editor.default\">\n\t\t\t\t<div class=\"elementor-widget-container\">\n\t\t\t\t\t\t\t\t\t<p style=\"text-align: center;\">We <b>share <\/b>our insights with a wider community (conferences &amp; think-tanks) to inform on most pressing issues and needs on the ground. This paves the way for a better understanding &amp; more relevant tech solutions.<br \/><\/p>\n<p style=\"text-align: center;\">\u00a0<\/p>\n<h6><strong>Learn more<\/strong><\/h6>\n<ul>\n<li>March 2016:\u00a0<a href=\"https:\/\/www.netokracija.rs\/techfugees-beograd-hakaton-115209\">Techfugees Belgrade, Kako tehnologijom re\u0161iti izbegli\u010dku krizu?<\/a><\/li>\n<li>March 2016, Nova Energija:\u00a0<a href=\"http:\/\/www.novaenergija.net\/techfugees-beograd-budite-deo-tech-zajednice-koja-pomaze-izbeglicama\/\">Techfugees Beograd: Budite deo tech zajednice koja poma\u017ee izbeglicama<\/a><\/li>\n<li>March 2016, Startit:\u00a0<a href=\"https:\/\/startit.rs\/techfugees-belgrade-otvorene-prijave\/\">Techfugees hakaton u Beogradu \u2013 dajte svoj doprinos re\u0161enju izbegli\u010dke krize<\/a><\/li>\n<li>March 2016, Startit:\u00a0<a href=\"https:\/\/startit.rs\/tech-resenja-za-izbeglice\/\">7 tehnolo\u0161kih re\u0161enja koja \u0107e pomo\u0107i izbeglicama<\/a><\/li>\n<li>April 2016, Startit:\u00a0<a href=\"https:\/\/startit.rs\/techfugees-beograd-resenja\/\">Re\u0161enja na\u0161e tech zajednice za izbeglice: \u0160ta je proiza\u0161lo sa Techfugees hakatona?<\/a><\/li>\n<li>October 2016, Cities of Migration:\u00a0<a href=\"http:\/\/citiesofmigration.ca\/good_idea\/mobile-solutions-for-refugees-on-the-move\/\">Mobile Solutions for Refugees on the Move<\/a><\/li>\n<\/ul>\n<p>\u00a0<\/p>\t\t\t\t\t\t\t\t<\/div>\n\t\t\t\t<\/div>\n\t\t\t\t\t<\/div>\n\t\t<\/div>\n\t\t\t\t\t<\/div>\n\t\t<\/section>\n\t\t\t\t<section class=\"elementor-section elementor-top-section elementor-element elementor-element-894d520 elementor-section-content-middle elementor-section-stretched elementor-section-boxed elementor-section-height-default elementor-section-height-default\" data-id=\"894d520\" data-element_type=\"section\" data-settings=\"{&quot;stretch_section&quot;:&quot;section-stretched&quot;,&quot;_ha_eqh_enable&quot;:false}\">\n\t\t\t\t\t\t<div class=\"elementor-container elementor-column-gap-no\">\n\t\t\t\t\t<div class=\"elementor-column elementor-col-100 elementor-top-column elementor-element elementor-element-2f4fb1a6\" data-id=\"2f4fb1a6\" data-element_type=\"column\">\n\t\t\t<div class=\"elementor-widget-wrap elementor-element-populated\">\n\t\t\t\t\t\t<div class=\"elementor-element elementor-element-71a02a9d elementor-widget elementor-widget-heading\" data-id=\"71a02a9d\" data-element_type=\"widget\" data-widget_type=\"heading.default\">\n\t\t\t\t<div class=\"elementor-widget-container\">\n\t\t\t\t\t<h4 class=\"elementor-heading-title elementor-size-default\">Our TEAM<br><br><\/h4>\t\t\t\t<\/div>\n\t\t\t\t<\/div>\n\t\t\t\t<section class=\"elementor-section elementor-inner-section elementor-element elementor-element-1d3266cc elementor-section-content-middle elementor-section-boxed elementor-section-height-default elementor-section-height-default\" data-id=\"1d3266cc\" data-element_type=\"section\" data-settings=\"{&quot;_ha_eqh_enable&quot;:false}\">\n\t\t\t\t\t\t<div class=\"elementor-container elementor-column-gap-no\">\n\t\t\t\t\t<div class=\"elementor-column elementor-col-100 elementor-inner-column elementor-element elementor-element-158a4e93\" data-id=\"158a4e93\" data-element_type=\"column\">\n\t\t\t<div class=\"elementor-widget-wrap elementor-element-populated\">\n\t\t\t\t\t\t<div class=\"elementor-element elementor-element-17e1efb2 elementor-widget elementor-widget-text-editor\" data-id=\"17e1efb2\" data-element_type=\"widget\" data-widget_type=\"text-editor.default\">\n\t\t\t\t<div class=\"elementor-widget-container\">\n\t\t\t\t\t\t\t\t\t<h5><span style=\"color: #1a2e40;\">We are a 100% volunteers. If you want to join our ranks &#8211; consider\u00a0<a href=\"https:\/\/dev.techfugees.com\/volunteer-your-skills\/\">applying<\/a><\/span><\/h5>\n<h5 style=\"font-family: Karla, sans-serif; color: #7a7a7a; text-align: left;\"><span style=\"color: #1a2e40;\"><\/span><\/h5>\t\t\t\t\t\t\t\t<\/div>\n\t\t\t\t<\/div>\n\t\t\t\t\t<\/div>\n\t\t<\/div>\n\t\t\t\t\t<\/div>\n\t\t<\/section>\n\t\t\t\t\t<\/div>\n\t\t<\/div>\n\t\t\t\t\t<\/div>\n\t\t<\/section>\n\t\t\t\t<section class=\"elementor-section elementor-top-section elementor-element elementor-element-75ba468b elementor-section-full_width elementor-section-height-default elementor-section-height-default\" data-id=\"75ba468b\" data-element_type=\"section\" data-settings=\"{&quot;_ha_eqh_enable&quot;:false}\">\n\t\t\t\t\t\t<div class=\"elementor-container elementor-column-gap-default\">\n\t\t\t\t\t<div class=\"elementor-column elementor-col-50 elementor-top-column elementor-element elementor-element-47471380\" data-id=\"47471380\" data-element_type=\"column\">\n\t\t\t<div class=\"elementor-widget-wrap elementor-element-populated\">\n\t\t\t\t\t\t<div class=\"elementor-element elementor-element-45ce203f elementor-position-left elementor-vertical-align-top elementor-widget elementor-widget-image-box\" data-id=\"45ce203f\" data-element_type=\"widget\" data-widget_type=\"image-box.default\">\n\t\t\t\t<div class=\"elementor-widget-container\">\n\t\t\t\t\t<div class=\"elementor-image-box-wrapper\"><figure class=\"elementor-image-box-img\"><a href=\"https:\/\/twitter.com\/joakirk\" target=\"_blank\" tabindex=\"-1\"><img decoding=\"async\" width=\"300\" height=\"300\" src=\"https:\/\/dev.techfugees.com\/wp-content\/uploads\/2020\/09\/filip-300x300.png\" class=\"attachment-medium size-medium wp-image-9398\" alt=\"\" srcset=\"https:\/\/dev.techfugees.com\/wp-content\/uploads\/2020\/09\/filip-300x300.png 300w, https:\/\/dev.techfugees.com\/wp-content\/uploads\/2020\/09\/filip-150x150.png 150w, https:\/\/dev.techfugees.com\/wp-content\/uploads\/2020\/09\/filip.png 746w\" sizes=\"(max-width: 300px) 100vw, 300px\" \/><\/a><\/figure><div class=\"elementor-image-box-content\"><h3 class=\"elementor-image-box-title\"><a href=\"https:\/\/twitter.com\/joakirk\" target=\"_blank\"><h5><b>Filip MILENKOVIC<\/b>, Chapter lead<\/h5><\/a><\/h3><p class=\"elementor-image-box-description\">Filip studied political sciences (to change the world), philosophy (to understand the world) and a lot of computer science online on his own.\nHe currently has is own consultancy company on product development, open governance &amp; public policy, strategy &amp; growth. He's also one of two individual members of the Open Data working group of Serbia and loves to build communities.<\/p><\/div><\/div>\t\t\t\t<\/div>\n\t\t\t\t<\/div>\n\t\t\t\t\t<\/div>\n\t\t<\/div>\n\t\t\t\t<div class=\"elementor-column elementor-col-50 elementor-top-column elementor-element elementor-element-485a7e6b\" data-id=\"485a7e6b\" data-element_type=\"column\">\n\t\t\t<div class=\"elementor-widget-wrap\">\n\t\t\t\t\t\t\t<\/div>\n\t\t<\/div>\n\t\t\t\t\t<\/div>\n\t\t<\/section>\n\t\t\t\t<section class=\"elementor-section elementor-top-section elementor-element elementor-element-e26398f elementor-section-boxed elementor-section-height-default elementor-section-height-default\" data-id=\"e26398f\" data-element_type=\"section\" data-settings=\"{&quot;_ha_eqh_enable&quot;:false}\">\n\t\t\t\t\t\t<div class=\"elementor-container elementor-column-gap-default\">\n\t\t\t\t\t<div class=\"elementor-column elementor-col-100 elementor-top-column elementor-element elementor-element-885e2a8\" data-id=\"885e2a8\" data-element_type=\"column\">\n\t\t\t<div class=\"elementor-widget-wrap elementor-element-populated\">\n\t\t\t\t\t\t<div class=\"elementor-element elementor-element-9c6c7d5 elementor-widget elementor-widget-heading\" data-id=\"9c6c7d5\" data-element_type=\"widget\" data-widget_type=\"heading.default\">\n\t\t\t\t<div class=\"elementor-widget-container\">\n\t\t\t\t\t<h4 class=\"elementor-heading-title elementor-size-default\">Our ECOSYSTEM PARTNERS<br><br><\/h4>\t\t\t\t<\/div>\n\t\t\t\t<\/div>\n\t\t\t\t<div class=\"elementor-element elementor-element-da140dc elementor-widget elementor-widget-text-editor\" data-id=\"da140dc\" data-element_type=\"widget\" data-widget_type=\"text-editor.default\">\n\t\t\t\t<div class=\"elementor-widget-container\">\n\t\t\t\t\t\t\t\t\t<h5>We engage with a variety of organisations to contribute &amp; bring meaningful tech solutions for and with refugees. Click on the logos below and discover how we worked with them in the past.<\/h5>\t\t\t\t\t\t\t\t<\/div>\n\t\t\t\t<\/div>\n\t\t\t\t\t<\/div>\n\t\t<\/div>\n\t\t\t\t\t<\/div>\n\t\t<\/section>\n\t\t\t\t<section class=\"elementor-section elementor-inner-section elementor-element elementor-element-71afd3ee elementor-section-content-middle elementor-section-boxed elementor-section-height-default elementor-section-height-default\" data-id=\"71afd3ee\" data-element_type=\"section\" data-settings=\"{&quot;_ha_eqh_enable&quot;:false}\">\n\t\t\t\t\t\t<div class=\"elementor-container elementor-column-gap-no\">\n\t\t\t\t\t<div class=\"elementor-column elementor-col-20 elementor-inner-column elementor-element elementor-element-5c01bcee\" data-id=\"5c01bcee\" data-element_type=\"column\">\n\t\t\t<div class=\"elementor-widget-wrap elementor-element-populated\">\n\t\t\t\t\t\t<div class=\"elementor-element elementor-element-7d22e58 elementor-widget elementor-widget-image\" data-id=\"7d22e58\" data-element_type=\"widget\" data-widget_type=\"image.default\">\n\t\t\t\t<div class=\"elementor-widget-container\">\n\t\t\t\t\t\t\t\t\t\t\t\t\t\t\t<img loading=\"lazy\" decoding=\"async\" width=\"180\" height=\"182\" src=\"https:\/\/dev.techfugees.com\/wp-content\/uploads\/2020\/09\/UNHCR.jpeg\" class=\"attachment-medium_large size-medium_large wp-image-9399\" alt=\"\" \/>\t\t\t\t\t\t\t\t\t\t\t\t\t\t\t<\/div>\n\t\t\t\t<\/div>\n\t\t\t\t\t<\/div>\n\t\t<\/div>\n\t\t\t\t<div class=\"elementor-column elementor-col-20 elementor-inner-column elementor-element elementor-element-5c50f05d\" data-id=\"5c50f05d\" data-element_type=\"column\">\n\t\t\t<div class=\"elementor-widget-wrap elementor-element-populated\">\n\t\t\t\t\t\t<div class=\"elementor-element elementor-element-3bfa0064 elementor-widget elementor-widget-image\" data-id=\"3bfa0064\" data-element_type=\"widget\" data-widget_type=\"image.default\">\n\t\t\t\t<div class=\"elementor-widget-container\">\n\t\t\t\t\t\t\t\t\t\t\t\t\t\t\t<img loading=\"lazy\" decoding=\"async\" width=\"474\" height=\"139\" src=\"https:\/\/dev.techfugees.com\/wp-content\/uploads\/2020\/09\/startit.jpeg\" class=\"attachment-large size-large wp-image-9400\" alt=\"\" srcset=\"https:\/\/dev.techfugees.com\/wp-content\/uploads\/2020\/09\/startit.jpeg 474w, https:\/\/dev.techfugees.com\/wp-content\/uploads\/2020\/09\/startit-300x88.jpeg 300w\" sizes=\"(max-width: 474px) 100vw, 474px\" \/>\t\t\t\t\t\t\t\t\t\t\t\t\t\t\t<\/div>\n\t\t\t\t<\/div>\n\t\t\t\t\t<\/div>\n\t\t<\/div>\n\t\t\t\t<div class=\"elementor-column elementor-col-20 elementor-inner-column elementor-element elementor-element-4801fe2\" data-id=\"4801fe2\" data-element_type=\"column\">\n\t\t\t<div class=\"elementor-widget-wrap elementor-element-populated\">\n\t\t\t\t\t\t<div class=\"elementor-element elementor-element-ac3d3eb elementor-widget elementor-widget-image\" data-id=\"ac3d3eb\" data-element_type=\"widget\" data-widget_type=\"image.default\">\n\t\t\t\t<div class=\"elementor-widget-container\">\n\t\t\t\t\t\t\t\t\t\t\t\t\t\t\t<img loading=\"lazy\" decoding=\"async\" width=\"474\" height=\"236\" src=\"https:\/\/dev.techfugees.com\/wp-content\/uploads\/2020\/09\/ICT-Hub.jpeg\" class=\"attachment-medium_large size-medium_large wp-image-9401\" alt=\"\" srcset=\"https:\/\/dev.techfugees.com\/wp-content\/uploads\/2020\/09\/ICT-Hub.jpeg 474w, https:\/\/dev.techfugees.com\/wp-content\/uploads\/2020\/09\/ICT-Hub-300x149.jpeg 300w\" sizes=\"(max-width: 474px) 100vw, 474px\" \/>\t\t\t\t\t\t\t\t\t\t\t\t\t\t\t<\/div>\n\t\t\t\t<\/div>\n\t\t\t\t\t<\/div>\n\t\t<\/div>\n\t\t\t\t<div class=\"elementor-column elementor-col-20 elementor-inner-column elementor-element elementor-element-768aba02\" data-id=\"768aba02\" data-element_type=\"column\">\n\t\t\t<div class=\"elementor-widget-wrap elementor-element-populated\">\n\t\t\t\t\t\t<div class=\"elementor-element elementor-element-9851275 elementor-widget elementor-widget-image\" data-id=\"9851275\" data-element_type=\"widget\" data-widget_type=\"image.default\">\n\t\t\t\t<div class=\"elementor-widget-container\">\n\t\t\t\t\t\t\t\t\t\t\t\t\t\t\t<img loading=\"lazy\" decoding=\"async\" width=\"254\" height=\"198\" src=\"https:\/\/dev.techfugees.com\/wp-content\/uploads\/2020\/09\/download.png\" class=\"attachment-medium size-medium wp-image-9402\" alt=\"\" \/>\t\t\t\t\t\t\t\t\t\t\t\t\t\t\t<\/div>\n\t\t\t\t<\/div>\n\t\t\t\t\t<\/div>\n\t\t<\/div>\n\t\t\t\t<div class=\"elementor-column elementor-col-20 elementor-inner-column elementor-element elementor-element-3f50c369\" data-id=\"3f50c369\" data-element_type=\"column\">\n\t\t\t<div class=\"elementor-widget-wrap elementor-element-populated\">\n\t\t\t\t\t\t<div class=\"elementor-element elementor-element-65144cb9 elementor-widget elementor-widget-image\" data-id=\"65144cb9\" data-element_type=\"widget\" data-widget_type=\"image.default\">\n\t\t\t\t<div class=\"elementor-widget-container\">\n\t\t\t\t\t\t\t\t\t\t\t\t\t\t\t<img loading=\"lazy\" decoding=\"async\" width=\"240\" height=\"170\" src=\"https:\/\/dev.techfugees.com\/wp-content\/uploads\/2020\/09\/Mikser-Festival-.png\" class=\"attachment-large size-large wp-image-9403\" alt=\"\" \/>\t\t\t\t\t\t\t\t\t\t\t\t\t\t\t<\/div>\n\t\t\t\t<\/div>\n\t\t\t\t\t<\/div>\n\t\t<\/div>\n\t\t\t\t\t<\/div>\n\t\t<\/section>\n\t\t\t\t<section class=\"elementor-section elementor-top-section elementor-element elementor-element-6ba65a0 elementor-section-boxed elementor-section-height-default elementor-section-height-default\" data-id=\"6ba65a0\" data-element_type=\"section\" data-settings=\"{&quot;_ha_eqh_enable&quot;:false}\">\n\t\t\t\t\t\t<div class=\"elementor-container elementor-column-gap-default\">\n\t\t\t\t\t<div class=\"elementor-column elementor-col-100 elementor-top-column elementor-element elementor-element-440c95a\" data-id=\"440c95a\" data-element_type=\"column\">\n\t\t\t<div class=\"elementor-widget-wrap elementor-element-populated\">\n\t\t\t\t\t\t<div class=\"elementor-element elementor-element-98ec596 elementor-widget elementor-widget-spacer\" data-id=\"98ec596\" data-element_type=\"widget\" data-widget_type=\"spacer.default\">\n\t\t\t\t<div class=\"elementor-widget-container\">\n\t\t\t\t\t\t\t<div class=\"elementor-spacer\">\n\t\t\t<div class=\"elementor-spacer-inner\"><\/div>\n\t\t<\/div>\n\t\t\t\t\t\t<\/div>\n\t\t\t\t<\/div>\n\t\t\t\t\t<\/div>\n\t\t<\/div>\n\t\t\t\t\t<\/div>\n\t\t<\/section>\n\t\t\t\t<\/div>\n\t\t","protected":false},"excerpt":{"rendered":"<p>&#x1f1f7;&#x1f1f8; Techfugees SERBIA &#x1f1f7;&#x1f1f8; The Techfugees&#8217; chapter in Serbia started in 2016. It was one of the first Chapter following&#8230; <a href=\"https:\/\/dev.techfugees.com\/ar\/chapters\/belgrade\/\">Read More<\/a> [&#8230;]<\/p>\n<p><a class=\"btn btn-secondary understrap-read-more-link\" href=\"https:\/\/dev.techfugees.com\/ar\/chapters\/belgrade\/\">Read More&#8230;<span class=\"screen-reader-text\"> from Techfugees Serbia &#x1f1f7;&#x1f1f8;<\/span><\/a><\/p>\n","protected":false},"author":5,"featured_media":0,"parent":49,"menu_order":0,"comment_status":"closed","ping_status":"closed","template":"","meta":{"_acf_changed":false,"footnotes":""},"categories":[],"tags":[],"class_list":["post-297","page","type-page","status-publish","hentry"],"acf":[],"_links":{"self":[{"href":"https:\/\/dev.techfugees.com\/ar\/wp-json\/wp\/v2\/pages\/297","targetHints":{"allow":["GET"]}}],"collection":[{"href":"https:\/\/dev.techfugees.com\/ar\/wp-json\/wp\/v2\/pages"}],"about":[{"href":"https:\/\/dev.techfugees.com\/ar\/wp-json\/wp\/v2\/types\/page"}],"author":[{"embeddable":true,"href":"https:\/\/dev.techfugees.com\/ar\/wp-json\/wp\/v2\/users\/5"}],"replies":[{"embeddable":true,"href":"https:\/\/dev.techfugees.com\/ar\/wp-json\/wp\/v2\/comments?post=297"}],"version-history":[{"count":10,"href":"https:\/\/dev.techfugees.com\/ar\/wp-json\/wp\/v2\/pages\/297\/revisions"}],"predecessor-version":[{"id":9408,"href":"https:\/\/dev.techfugees.com\/ar\/wp-json\/wp\/v2\/pages\/297\/revisions\/9408"}],"up":[{"embeddable":true,"href":"https:\/\/dev.techfugees.com\/ar\/wp-json\/wp\/v2\/pages\/49"}],"wp:attachment":[{"href":"https:\/\/dev.techfugees.com\/ar\/wp-json\/wp\/v2\/media?parent=297"}],"wp:term":[{"taxonomy":"category","embeddable":true,"href":"https:\/\/dev.techfugees.com\/ar\/wp-json\/wp\/v2\/categories?post=297"},{"taxonomy":"post_tag","embeddable":true,"href":"https:\/\/dev.techfugees.com\/ar\/wp-json\/wp\/v2\/tags?post=297"}],"curies":[{"name":"wp","href":"https:\/\/api.w.org\/{rel}","templated":true}]}}